
{"id":1003,"date":"2015-05-14T08:43:36","date_gmt":"2015-05-14T07:43:36","guid":{"rendered":"http:\/\/icmfii.com\/?page_id=1003"},"modified":"2017-02-23T23:18:34","modified_gmt":"2017-02-23T22:18:34","slug":"2011-edition","status":"publish","type":"page","link":"https:\/\/icmfii.com\/?page_id=1003","title":{"rendered":"ICMFII&#8217;2011"},"content":{"rendered":"<p style=\"text-align: center;\"><em>May 14-16,\u00a02011, Hammamet, Tunisia<\/em><\/p>\n<div style=\"text-align: left;\" align=\"center\"><a href=\"https:\/\/icmfii.com\/wp-content\/uploads\/2010\/08\/Hammamet.jpg\"><img loading=\"lazy\" decoding=\"async\" class=\"size-medium wp-image-223 aligncenter\" alt=\"Hammamet\" src=\"https:\/\/icmfii.com\/wp-content\/uploads\/2010\/08\/Hammamet-300x225.jpg\" width=\"300\" height=\"225\" srcset=\"https:\/\/icmfii.com\/wp-content\/uploads\/2010\/08\/Hammamet-300x225.jpg 300w, https:\/\/icmfii.com\/wp-content\/uploads\/2010\/08\/Hammamet.jpg 600w\" sizes=\"auto, (max-width: 300px) 100vw, 300px\" \/><\/a><\/div>\n<div style=\"text-align: left;\" align=\"center\"><\/div>\n<div style=\"text-align: left;\" align=\"center\"><strong>Chair:<\/strong> F. Ben Abdelaziz (American University of Sharjah, UAE)<\/div>\n<div style=\"text-align: left;\" align=\"center\"><strong>Co-Chair:<\/strong> B. Aouni (Laurentian University, Canada)<\/div>\n<div style=\"text-align: left;\" align=\"center\"><strong>Members:<\/strong> Jean-Marc Martel (Universit\u00e9 Laval, Qu\u00e9bec, Canada), Davide La Torre (University of Milan, Italy), Jacques Teghem (Facult\u00e9 Polytechnique de Mons, Belgium), Carlos Romero (Technical University of Madrid, Spain), Enrique Ballestero (Escuela Polit\u00e9cnica Superior de Alcoy, Spain), Maria Rodriguez (Universidade do Porto, Portugal), Mehrdad Tamiz (Kuwait University, Kuwait), Dylan Jones (University of Portsmouth, UK), Matthias Ehrgott (University of Auckland, New Zealand)<\/div>\n<div style=\"text-align: left;\" align=\"center\"><strong>ORGANIZING COMMITTEE <\/strong><\/div>\n<div style=\"text-align: left;\" align=\"center\"><strong>Chair:<\/strong> K. Mellouli (University Carthage 7 November, TN)<\/div>\n<div style=\"text-align: left;\" align=\"center\"><strong>Co-chair:<\/strong> H. Masri (University of Nizwa, Oman)<\/div>\n<div style=\"text-align: left;\" align=\"center\"><strong>Members:<\/strong> B. Ben Yaghlane (University Carthage 7 November, TN), A. Allouche (University of Sfax, TN), R. El Fayedh (University Carthage 7 November, TN)<\/div>\n<div style=\"text-align: left;\" align=\"center\"><\/div>\n<div style=\"text-align: left;\" align=\"center\"><a href=\"https:\/\/icmfii.com\/wp-content\/uploads\/2015\/05\/ICMFII-2011-Program.pdf\">ICMFII 2011 Program<\/a><\/div>\n<div style=\"text-align: left;\" align=\"center\"><\/div>\n<div style=\"text-align: left;\" align=\"center\">Special Issue<\/div>\n<div style=\"text-align: left;\" align=\"center\">\n<ol>\n<li><a href=\"http:\/\/www.tandfonline.com\/toc\/tinf20\/52\/3?nav=tocList\" target=\"_blank\">INFOR: Information Systems and Operational Research<\/a><\/li>\n<li><a href=\"http:\/\/www.inderscience.com\/info\/inarticletoc.php?jcode=ijferm&amp;year=2013&amp;vol=1&amp;issue=2\" target=\"_blank\">International Journal of Financial Engineering and Risk Management<\/a><\/li>\n<\/ol>\n<\/div>\n","protected":false},"excerpt":{"rendered":"<p>May 14-16,\u00a02011, Hammamet, Tunisia Chair: F. Ben Abdelaziz (American University of Sharjah, UAE) Co-Chair: B. Aouni (Laurentian University, Canada) Members: Jean-Marc Martel (Universit\u00e9 Laval, Qu\u00e9bec, Canada), Davide La Torre (University of Milan, Italy), Jacques Teghem (Facult\u00e9 Polytechnique de Mons, Belgium), Carlos Romero (Technical University of Madrid, Spain), Enrique Ballestero (Escuela Polit\u00e9cnica Superior de Alcoy, Spain), [&hellip;]<\/p>\n","protected":false},"author":1,"featured_media":0,"parent":983,"menu_order":7,"comment_status":"open","ping_status":"open","template":"","meta":{"footnotes":""},"class_list":["post-1003","page","type-page","status-publish","hentry"],"_links":{"self":[{"href":"https:\/\/icmfii.com\/index.php?rest_route=\/wp\/v2\/pages\/1003","targetHints":{"allow":["GET"]}}],"collection":[{"href":"https:\/\/icmfii.com\/index.php?rest_route=\/wp\/v2\/pages"}],"about":[{"href":"https:\/\/icmfii.com\/index.php?rest_route=\/wp\/v2\/types\/page"}],"author":[{"embeddable":true,"href":"https:\/\/icmfii.com\/index.php?rest_route=\/wp\/v2\/users\/1"}],"replies":[{"embeddable":true,"href":"https:\/\/icmfii.com\/index.php?rest_route=%2Fwp%2Fv2%2Fcomments&post=1003"}],"version-history":[{"count":5,"href":"https:\/\/icmfii.com\/index.php?rest_route=\/wp\/v2\/pages\/1003\/revisions"}],"predecessor-version":[{"id":1272,"href":"https:\/\/icmfii.com\/index.php?rest_route=\/wp\/v2\/pages\/1003\/revisions\/1272"}],"up":[{"embeddable":true,"href":"https:\/\/icmfii.com\/index.php?rest_route=\/wp\/v2\/pages\/983"}],"wp:attachment":[{"href":"https:\/\/icmfii.com\/index.php?rest_route=%2Fwp%2Fv2%2Fmedia&parent=1003"}],"curies":[{"name":"wp","href":"https:\/\/api.w.org\/{rel}","templated":true}]}}